{"id":1327,"date":"2019-09-11T00:44:10","date_gmt":"2019-09-11T00:44:10","guid":{"rendered":"https:\/\/fincasanramon.com\/proyecto-jolly-rogers-finca-san-ramon\/"},"modified":"2019-10-18T17:07:11","modified_gmt":"2019-10-18T17:07:11","slug":"proyecto-jolly-rogers-finca-san-ramon","status":"publish","type":"page","link":"https:\/\/fincasanramon.com\/en\/proyecto-jolly-rogers-finca-san-ramon\/","title":{"rendered":"Proyecto Jolly Rogers Finca San Ram\u00f3n"},"content":{"rendered":"<div class=\"wpb-content-wrapper\"><p>[vc_row css_animation=&#8221;&#8221; row_type=&#8221;row&#8221; use_row_as_full_screen_section=&#8221;no&#8221; type=&#8221;full_width&#8221; angled_section=&#8221;no&#8221; text_align=&#8221;left&#8221; background_image_as_pattern=&#8221;without_pattern&#8221; css=&#8221;.vc_custom_1568162648837{padding-top: 390px !important;padding-bottom: 60px !important;background-image: url(https:\/\/fincasanramon.com\/wp-content\/uploads\/2019\/09\/Banner-Jelly-Rogers-alianza-Finca-San-Ram\u00f3n.jpg?id=730) !important;background-position: center !important;background-repeat: no-repeat !important;background-size: cover !important;}&#8221; z_index=&#8221;&#8221;][vc_column][vc_row_inner row_type=&#8221;row&#8221; type=&#8221;grid&#8221; text_align=&#8221;center&#8221; css_animation=&#8221;element_from_top&#8221;][vc_column_inner][vc_column_text]<\/p>\n<h1 style=\"text-align: center;\"><span style=\"color: #dd971a;\">Jolly Roger<\/span><\/h1>\n<p>[\/vc_column_text][vc_column_text]<\/p>\n<p style=\"text-align: center;\"><span style=\"color: #faf4ed;\">Mexican Entrepreneurs in Australia have decided to sell coffee<br \/>\nwith a social development focus.<\/span><\/p>\n<p>[\/vc_column_text][\/vc_column_inner][\/vc_row_inner][\/vc_column][\/vc_row][vc_row css_animation=&#8221;&#8221; row_type=&#8221;row&#8221; use_row_as_full_screen_section=&#8221;no&#8221; type=&#8221;grid&#8221; angled_section=&#8221;no&#8221; text_align=&#8221;left&#8221; background_image_as_pattern=&#8221;without_pattern&#8221; z_index=&#8221;&#8221; css=&#8221;.vc_custom_1568163531450{padding-top: 30px !important;}&#8221;][vc_column][vc_single_image image=&#8221;733&#8243; img_size=&#8221;full&#8221; alignment=&#8221;center&#8221; qode_css_animation=&#8221;&#8221;][vc_column_text css=&#8221;.vc_custom_1569793834060{padding-top: 10px !important;padding-bottom: 30px !important;}&#8221;]<\/p>\n<p style=\"text-align: center;\">They are sponsoring one of our social benefit programs to improve the lifestyle of San Ram\u00f3n\u00b4s families year by year. With Jolly Roger\u00b4s motto<span style=\"color: #552800;\"><strong> \u201cA Cup of Joy\u201d<\/strong><\/span> together with San Ram\u00f3n we are providing breakfast for over 100 children as well as Christmas gifts.<\/p>\n<p>[\/vc_column_text][\/vc_column][\/vc_row][vc_row css_animation=&#8221;element_from_fade&#8221; row_type=&#8221;row&#8221; use_row_as_full_screen_section=&#8221;no&#8221; type=&#8221;grid&#8221; angled_section=&#8221;no&#8221; text_align=&#8221;center&#8221; background_image_as_pattern=&#8221;without_pattern&#8221; z_index=&#8221;&#8221; css=&#8221;.vc_custom_1568675887720{margin-top: 30px !important;}&#8221;][vc_column]<div class=\"qode-advanced-image-gallery  qode-aig-masonry-type qode-tiny-space  qode-image-behavior-lightbox qode-aig-images-fixed\">\n\t<div class=\"qode-aig-inner qode-outer-space qode-aig-masonry qode-aig-four-columns\">\n\t\t<div class=\"qode-aig-grid-sizer\"><\/div>\n\t\t<div class=\"qode-aig-grid-gutter\"><\/div>\n\t\t\t\t\t\t\t\t<div class=\"qode-aig-image qode-item-space qode-aig-large-masonry-item\">\n\t\t\t\t<div class=\"qode-aig-image-inner\">\n\t\t\t\t\t\t\t\t\t\t\t<a itemprop=\"image\" class=\"qode-aig-lightbox\" href=\"https:\/\/fincasanramon.com\/wp-content\/uploads\/2019\/09\/Jolly-Rogers-1.jpg\" data-rel=\"prettyPhoto[image_gallery_pretty_photo-652]\" title=\"Jolly-Rogers-1\">\n\t\t\t\t\t\t\t\t\t\t\t<img loading=\"lazy\" decoding=\"async\" src=\"https:\/\/fincasanramon.com\/wp-content\/uploads\/2019\/09\/Jolly-Rogers-1-1000x1000.jpg\" alt=\"\" width=\"1000\" height=\"1000\" \/>\t\t\t\t\t\t<span class=\"aig-gallery-hover\">\n\t\t\t\t\t\t\t\t\t\t\t\t\t<\/span>\n\t\t\t\t\t\t\t\t\t\t\t<\/a>\n\t\t\t\t\t\t\t\t\t<\/div>\n\t\t\t<\/div>\n\t\t\t\t\t\t\t\t<div class=\"qode-aig-image qode-item-space qode-aig-default-masonry-item\">\n\t\t\t\t<div class=\"qode-aig-image-inner\">\n\t\t\t\t\t\t\t\t\t\t\t<a itemprop=\"image\" class=\"qode-aig-lightbox\" href=\"https:\/\/fincasanramon.com\/wp-content\/uploads\/2019\/09\/Jolly-Rogers-2.jpg\" data-rel=\"prettyPhoto[image_gallery_pretty_photo-652]\" title=\"Jolly Rogers en 2\">\n\t\t\t\t\t\t\t\t\t\t\t<img loading=\"lazy\" decoding=\"async\" src=\"https:\/\/fincasanramon.com\/wp-content\/uploads\/2019\/09\/Jolly-Rogers-2-1000x1000.jpg\" alt=\"\" width=\"1000\" height=\"1000\" \/>\t\t\t\t\t\t<span class=\"aig-gallery-hover\">\n\t\t\t\t\t\t\t\t\t\t\t\t\t<\/span>\n\t\t\t\t\t\t\t\t\t\t\t<\/a>\n\t\t\t\t\t\t\t\t\t<\/div>\n\t\t\t<\/div>\n\t\t\t\t\t\t\t\t<div class=\"qode-aig-image qode-item-space qode-aig-default-masonry-item\">\n\t\t\t\t<div class=\"qode-aig-image-inner\">\n\t\t\t\t\t\t\t\t\t\t\t<a itemprop=\"image\" class=\"qode-aig-lightbox\" href=\"https:\/\/fincasanramon.com\/wp-content\/uploads\/2019\/09\/Jolly-Rogers-3.jpg\" data-rel=\"prettyPhoto[image_gallery_pretty_photo-652]\" title=\"Jolly-Rogers-3\">\n\t\t\t\t\t\t\t\t\t\t\t<img loading=\"lazy\" decoding=\"async\" src=\"https:\/\/fincasanramon.com\/wp-content\/uploads\/2019\/09\/Jolly-Rogers-3-1000x1000.jpg\" alt=\"\" width=\"1000\" height=\"1000\" \/>\t\t\t\t\t\t<span class=\"aig-gallery-hover\">\n\t\t\t\t\t\t\t\t\t\t\t\t\t<\/span>\n\t\t\t\t\t\t\t\t\t\t\t<\/a>\n\t\t\t\t\t\t\t\t\t<\/div>\n\t\t\t<\/div>\n\t\t\t\t\t\t\t\t<div class=\"qode-aig-image qode-item-space qode-aig-default-masonry-item\">\n\t\t\t\t<div class=\"qode-aig-image-inner\">\n\t\t\t\t\t\t\t\t\t\t\t<a itemprop=\"image\" class=\"qode-aig-lightbox\" href=\"https:\/\/fincasanramon.com\/wp-content\/uploads\/2019\/09\/Jolly-Rogers-5.jpg\" data-rel=\"prettyPhoto[image_gallery_pretty_photo-652]\" title=\"Jolly-Rogers-5\">\n\t\t\t\t\t\t\t\t\t\t\t<img loading=\"lazy\" decoding=\"async\" src=\"https:\/\/fincasanramon.com\/wp-content\/uploads\/2019\/09\/Jolly-Rogers-5-1000x1000.jpg\" alt=\"\" width=\"1000\" height=\"1000\" \/>\t\t\t\t\t\t<span class=\"aig-gallery-hover\">\n\t\t\t\t\t\t\t\t\t\t\t\t\t<\/span>\n\t\t\t\t\t\t\t\t\t\t\t<\/a>\n\t\t\t\t\t\t\t\t\t<\/div>\n\t\t\t<\/div>\n\t\t\t\t\t\t\t\t<div class=\"qode-aig-image qode-item-space qode-aig-default-masonry-item\">\n\t\t\t\t<div class=\"qode-aig-image-inner\">\n\t\t\t\t\t\t\t\t\t\t\t<a itemprop=\"image\" class=\"qode-aig-lightbox\" href=\"https:\/\/fincasanramon.com\/wp-content\/uploads\/2019\/09\/Jolly-Rogers-4.jpg\" data-rel=\"prettyPhoto[image_gallery_pretty_photo-652]\" title=\"Jelly royers en 4\">\n\t\t\t\t\t\t\t\t\t\t\t<img loading=\"lazy\" decoding=\"async\" src=\"https:\/\/fincasanramon.com\/wp-content\/uploads\/2019\/09\/Jolly-Rogers-4-1000x1000.jpg\" alt=\"\" width=\"1000\" height=\"1000\" \/>\t\t\t\t\t\t<span class=\"aig-gallery-hover\">\n\t\t\t\t\t\t\t\t\t\t\t\t\t<\/span>\n\t\t\t\t\t\t\t\t\t\t\t<\/a>\n\t\t\t\t\t\t\t\t\t<\/div>\n\t\t\t<\/div>\n\t\t\t<\/div>\n<\/div>[\/vc_column][\/vc_row][vc_row css_animation=&#8221;&#8221; row_type=&#8221;row&#8221; use_row_as_full_screen_section=&#8221;no&#8221; type=&#8221;grid&#8221; angled_section=&#8221;no&#8221; text_align=&#8221;left&#8221; background_image_as_pattern=&#8221;without_pattern&#8221; z_index=&#8221;&#8221;][vc_column][vc_column_text css=&#8221;.vc_custom_1569793849282{padding-top: 50px !important;padding-bottom: 30px !important;}&#8221;]<\/p>\n<p style=\"text-align: center;\">Find more about it on its web page: <a href=\"https:\/\/jollyrogertradingco.com\/\" target=\"_blank\" rel=\"noopener noreferrer\"><strong>https:\/\/jollyrogertradingco.com\/<\/strong><\/a><\/p>\n<p>[\/vc_column_text][\/vc_column][\/vc_row]<\/p>\n<\/div>","protected":false},"excerpt":{"rendered":"<p>[vc_row css_animation=&#8221;&#8221; row_type=&#8221;row&#8221; use_row_as_full_screen_section=&#8221;no&#8221; type=&#8221;full_width&#8221; angled_section=&#8221;no&#8221; text_align=&#8221;left&#8221; background_image_as_pattern=&#8221;without_pattern&#8221; css=&#8221;.vc_custom_1568162648837{padding-top: 390px !important;padding-bottom: 60px !important;background-image:&#8230;<\/p>\n","protected":false},"author":2,"featured_media":0,"parent":0,"menu_order":0,"comment_status":"closed","ping_status":"closed","template":"full_width.php","meta":{"footnotes":""},"class_list":["post-1327","page","type-page","status-publish","hentry"],"yoast_head":"<!-- This site is optimized with the Yoast SEO plugin v26.9 - https:\/\/yoast.com\/product\/yoast-seo-wordpress\/ -->\n<title>Project Jolly Rogers - Finca San Ram\u00f3n<\/title>\n<meta name=\"description\" content=\"Mexican Entrepreneurs in Australia have decided to sell coffee with a social development focus. This is a project with Finca San Ram\u00f3n.\" \/>\n<meta name=\"robots\" content=\"index, follow, max-snippet:-1, max-image-preview:large, max-video-preview:-1\" \/>\n<link rel=\"canonical\" href=\"https:\/\/fincasanramon.com\/en\/proyecto-jolly-rogers-finca-san-ramon\/\" \/>\n<meta property=\"og:locale\" content=\"en_US\" \/>\n<meta property=\"og:type\" content=\"article\" \/>\n<meta property=\"og:title\" content=\"Project Jolly Rogers - Finca San Ram\u00f3n\" \/>\n<meta property=\"og:description\" content=\"Mexican Entrepreneurs in Australia have decided to sell coffee with a social development focus. This is a project with Finca San Ram\u00f3n.\" \/>\n<meta property=\"og:url\" content=\"https:\/\/fincasanramon.com\/en\/proyecto-jolly-rogers-finca-san-ramon\/\" \/>\n<meta property=\"og:site_name\" content=\"Finca San Ram\u00f3n\" \/>\n<meta property=\"article:modified_time\" content=\"2019-10-18T17:07:11+00:00\" \/>\n<meta property=\"og:image\" content=\"https:\/\/fincasanramon.com\/wp-content\/uploads\/2019\/09\/Banner-Jelly-Rogers-alianza-Finca-San-Ram\u00f3n.jpg\" \/>\n\t<meta property=\"og:image:width\" content=\"1640\" \/>\n\t<meta property=\"og:image:height\" content=\"611\" \/>\n\t<meta property=\"og:image:type\" content=\"image\/jpeg\" \/>\n<meta name=\"twitter:card\" content=\"summary_large_image\" \/>\n<meta name=\"twitter:image\" content=\"https:\/\/fincasanramon.com\/wp-content\/uploads\/2019\/09\/Banner-Jelly-Rogers-alianza-Finca-San-Ram\u00f3n.jpg\" \/>\n<meta name=\"twitter:label1\" content=\"Est. reading time\" \/>\n\t<meta name=\"twitter:data1\" content=\"2 minutes\" \/>\n<script type=\"application\/ld+json\" class=\"yoast-schema-graph\">{\"@context\":\"https:\/\/schema.org\",\"@graph\":[{\"@type\":\"WebPage\",\"@id\":\"https:\/\/fincasanramon.com\/en\/proyecto-jolly-rogers-finca-san-ramon\/\",\"url\":\"https:\/\/fincasanramon.com\/en\/proyecto-jolly-rogers-finca-san-ramon\/\",\"name\":\"Project Jolly Rogers - Finca San Ram\u00f3n\",\"isPartOf\":{\"@id\":\"https:\/\/fincasanramon.com\/en\/#website\"},\"datePublished\":\"2019-09-11T00:44:10+00:00\",\"dateModified\":\"2019-10-18T17:07:11+00:00\",\"description\":\"Mexican Entrepreneurs in Australia have decided to sell coffee with a social development focus. This is a project with Finca San Ram\u00f3n.\",\"breadcrumb\":{\"@id\":\"https:\/\/fincasanramon.com\/en\/proyecto-jolly-rogers-finca-san-ramon\/#breadcrumb\"},\"inLanguage\":\"en-US\",\"potentialAction\":[{\"@type\":\"ReadAction\",\"target\":[\"https:\/\/fincasanramon.com\/en\/proyecto-jolly-rogers-finca-san-ramon\/\"]}]},{\"@type\":\"BreadcrumbList\",\"@id\":\"https:\/\/fincasanramon.com\/en\/proyecto-jolly-rogers-finca-san-ramon\/#breadcrumb\",\"itemListElement\":[{\"@type\":\"ListItem\",\"position\":1,\"name\":\"Portada\",\"item\":\"https:\/\/fincasanramon.com\/en\/\"},{\"@type\":\"ListItem\",\"position\":2,\"name\":\"Proyecto Jolly Rogers Finca San Ram\u00f3n\"}]},{\"@type\":\"WebSite\",\"@id\":\"https:\/\/fincasanramon.com\/en\/#website\",\"url\":\"https:\/\/fincasanramon.com\/en\/\",\"name\":\"Finca San Ram\u00f3n\",\"description\":\"Productores de caf\u00e9 Nicarag\u00fcense\",\"publisher\":{\"@id\":\"https:\/\/fincasanramon.com\/en\/#organization\"},\"potentialAction\":[{\"@type\":\"SearchAction\",\"target\":{\"@type\":\"EntryPoint\",\"urlTemplate\":\"https:\/\/fincasanramon.com\/en\/?s={search_term_string}\"},\"query-input\":{\"@type\":\"PropertyValueSpecification\",\"valueRequired\":true,\"valueName\":\"search_term_string\"}}],\"inLanguage\":\"en-US\"},{\"@type\":\"Organization\",\"@id\":\"https:\/\/fincasanramon.com\/en\/#organization\",\"name\":\"Finca San Ram\u00f3n\",\"url\":\"https:\/\/fincasanramon.com\/en\/\",\"logo\":{\"@type\":\"ImageObject\",\"inLanguage\":\"en-US\",\"@id\":\"https:\/\/fincasanramon.com\/en\/#\/schema\/logo\/image\/\",\"url\":\"https:\/\/fincasanramon.com\/wp-content\/uploads\/2019\/08\/Logotipo-color-Header-Finca-San-Ramon.png\",\"contentUrl\":\"https:\/\/fincasanramon.com\/wp-content\/uploads\/2019\/08\/Logotipo-color-Header-Finca-San-Ramon.png\",\"width\":182,\"height\":167,\"caption\":\"Finca San Ram\u00f3n\"},\"image\":{\"@id\":\"https:\/\/fincasanramon.com\/en\/#\/schema\/logo\/image\/\"}}]}<\/script>\n<!-- \/ Yoast SEO plugin. -->","yoast_head_json":{"title":"Project Jolly Rogers - Finca San Ram\u00f3n","description":"Mexican Entrepreneurs in Australia have decided to sell coffee with a social development focus. This is a project with Finca San Ram\u00f3n.","robots":{"index":"index","follow":"follow","max-snippet":"max-snippet:-1","max-image-preview":"max-image-preview:large","max-video-preview":"max-video-preview:-1"},"canonical":"https:\/\/fincasanramon.com\/en\/proyecto-jolly-rogers-finca-san-ramon\/","og_locale":"en_US","og_type":"article","og_title":"Project Jolly Rogers - Finca San Ram\u00f3n","og_description":"Mexican Entrepreneurs in Australia have decided to sell coffee with a social development focus. This is a project with Finca San Ram\u00f3n.","og_url":"https:\/\/fincasanramon.com\/en\/proyecto-jolly-rogers-finca-san-ramon\/","og_site_name":"Finca San Ram\u00f3n","article_modified_time":"2019-10-18T17:07:11+00:00","og_image":[{"width":1640,"height":611,"url":"https:\/\/fincasanramon.com\/wp-content\/uploads\/2019\/09\/Banner-Jelly-Rogers-alianza-Finca-San-Ram\u00f3n.jpg","type":"image\/jpeg"}],"twitter_card":"summary_large_image","twitter_image":"https:\/\/fincasanramon.com\/wp-content\/uploads\/2019\/09\/Banner-Jelly-Rogers-alianza-Finca-San-Ram\u00f3n.jpg","twitter_misc":{"Est. reading time":"2 minutes"},"schema":{"@context":"https:\/\/schema.org","@graph":[{"@type":"WebPage","@id":"https:\/\/fincasanramon.com\/en\/proyecto-jolly-rogers-finca-san-ramon\/","url":"https:\/\/fincasanramon.com\/en\/proyecto-jolly-rogers-finca-san-ramon\/","name":"Project Jolly Rogers - Finca San Ram\u00f3n","isPartOf":{"@id":"https:\/\/fincasanramon.com\/en\/#website"},"datePublished":"2019-09-11T00:44:10+00:00","dateModified":"2019-10-18T17:07:11+00:00","description":"Mexican Entrepreneurs in Australia have decided to sell coffee with a social development focus. This is a project with Finca San Ram\u00f3n.","breadcrumb":{"@id":"https:\/\/fincasanramon.com\/en\/proyecto-jolly-rogers-finca-san-ramon\/#breadcrumb"},"inLanguage":"en-US","potentialAction":[{"@type":"ReadAction","target":["https:\/\/fincasanramon.com\/en\/proyecto-jolly-rogers-finca-san-ramon\/"]}]},{"@type":"BreadcrumbList","@id":"https:\/\/fincasanramon.com\/en\/proyecto-jolly-rogers-finca-san-ramon\/#breadcrumb","itemListElement":[{"@type":"ListItem","position":1,"name":"Portada","item":"https:\/\/fincasanramon.com\/en\/"},{"@type":"ListItem","position":2,"name":"Proyecto Jolly Rogers Finca San Ram\u00f3n"}]},{"@type":"WebSite","@id":"https:\/\/fincasanramon.com\/en\/#website","url":"https:\/\/fincasanramon.com\/en\/","name":"Finca San Ram\u00f3n","description":"Productores de caf\u00e9 Nicarag\u00fcense","publisher":{"@id":"https:\/\/fincasanramon.com\/en\/#organization"},"potentialAction":[{"@type":"SearchAction","target":{"@type":"EntryPoint","urlTemplate":"https:\/\/fincasanramon.com\/en\/?s={search_term_string}"},"query-input":{"@type":"PropertyValueSpecification","valueRequired":true,"valueName":"search_term_string"}}],"inLanguage":"en-US"},{"@type":"Organization","@id":"https:\/\/fincasanramon.com\/en\/#organization","name":"Finca San Ram\u00f3n","url":"https:\/\/fincasanramon.com\/en\/","logo":{"@type":"ImageObject","inLanguage":"en-US","@id":"https:\/\/fincasanramon.com\/en\/#\/schema\/logo\/image\/","url":"https:\/\/fincasanramon.com\/wp-content\/uploads\/2019\/08\/Logotipo-color-Header-Finca-San-Ramon.png","contentUrl":"https:\/\/fincasanramon.com\/wp-content\/uploads\/2019\/08\/Logotipo-color-Header-Finca-San-Ramon.png","width":182,"height":167,"caption":"Finca San Ram\u00f3n"},"image":{"@id":"https:\/\/fincasanramon.com\/en\/#\/schema\/logo\/image\/"}}]}},"_links":{"self":[{"href":"https:\/\/fincasanramon.com\/en\/wp-json\/wp\/v2\/pages\/1327","targetHints":{"allow":["GET"]}}],"collection":[{"href":"https:\/\/fincasanramon.com\/en\/wp-json\/wp\/v2\/pages"}],"about":[{"href":"https:\/\/fincasanramon.com\/en\/wp-json\/wp\/v2\/types\/page"}],"author":[{"embeddable":true,"href":"https:\/\/fincasanramon.com\/en\/wp-json\/wp\/v2\/users\/2"}],"replies":[{"embeddable":true,"href":"https:\/\/fincasanramon.com\/en\/wp-json\/wp\/v2\/comments?post=1327"}],"version-history":[{"count":5,"href":"https:\/\/fincasanramon.com\/en\/wp-json\/wp\/v2\/pages\/1327\/revisions"}],"predecessor-version":[{"id":1377,"href":"https:\/\/fincasanramon.com\/en\/wp-json\/wp\/v2\/pages\/1327\/revisions\/1377"}],"wp:attachment":[{"href":"https:\/\/fincasanramon.com\/en\/wp-json\/wp\/v2\/media?parent=1327"}],"curies":[{"name":"wp","href":"https:\/\/api.w.org\/{rel}","templated":true}]}}