{"id":1332,"date":"2019-09-10T23:51:55","date_gmt":"2019-09-10T23:51:55","guid":{"rendered":"https:\/\/fincasanramon.com\/alianza-casa-del-cafe-finca-san-ramon\/"},"modified":"2019-09-28T19:48:06","modified_gmt":"2019-09-28T19:48:06","slug":"alianza-casa-del-cafe-finca-san-ramon","status":"publish","type":"page","link":"https:\/\/fincasanramon.com\/en\/alianza-casa-del-cafe-finca-san-ramon\/","title":{"rendered":"Alianza Casa del Caf\u00e9 Finca San Ram\u00f3n"},"content":{"rendered":"<div class=\"wpb-content-wrapper\"><p>[vc_row css_animation=&#8221;&#8221; row_type=&#8221;row&#8221; use_row_as_full_screen_section=&#8221;no&#8221; type=&#8221;full_width&#8221; angled_section=&#8221;no&#8221; text_align=&#8221;left&#8221; background_image_as_pattern=&#8221;without_pattern&#8221; css=&#8221;.vc_custom_1568859679959{background-position: center !important;background-repeat: no-repeat !important;background-size: cover !important;}&#8221; z_index=&#8221;&#8221;][vc_column offset=&#8221;vc_hidden-xs&#8221;][vc_row_inner row_type=&#8221;row&#8221; type=&#8221;grid&#8221; text_align=&#8221;center&#8221; css_animation=&#8221;element_from_top&#8221; css=&#8221;.vc_custom_1568859704458{padding-top: 460px !important;padding-bottom: 60px !important;background-image: url(https:\/\/fincasanramon.com\/wp-content\/uploads\/2019\/09\/Banner-Casa-del-cafe-alianza-Finca-San-Ram\u00f3n.jpg?id=710) !important;background-position: center !important;background-repeat: no-repeat !important;background-size: cover !important;}&#8221;][vc_column_inner][vc_column_text]<\/p>\n<h1 style=\"text-align: center;\"><span style=\"color: #dd971a;\">Casa del caf\u00e9<\/span><\/h1>\n<p>[\/vc_column_text][\/vc_column_inner][\/vc_row_inner][\/vc_column][\/vc_row][vc_row css_animation=&#8221;&#8221; row_type=&#8221;row&#8221; use_row_as_full_screen_section=&#8221;no&#8221; type=&#8221;full_width&#8221; angled_section=&#8221;no&#8221; text_align=&#8221;left&#8221; background_image_as_pattern=&#8221;without_pattern&#8221; css=&#8221;.vc_custom_1568859679959{background-position: center !important;background-repeat: no-repeat !important;background-size: cover !important;}&#8221; z_index=&#8221;&#8221;][vc_column offset=&#8221;vc_hidden-lg vc_hidden-md vc_hidden-sm&#8221;][vc_row_inner row_type=&#8221;row&#8221; type=&#8221;grid&#8221; text_align=&#8221;center&#8221; css_animation=&#8221;element_from_top&#8221; css=&#8221;.vc_custom_1568859742018{padding-top: 460px !important;padding-bottom: 60px !important;background-image: url(https:\/\/fincasanramon.com\/wp-content\/uploads\/2019\/09\/Mobil-banner-casa-del-cafe-Finca-San-Ram\u00f3n.jpg?id=1034) !important;background-position: center !important;background-repeat: no-repeat !important;background-size: cover !important;}&#8221;][vc_column_inner][vc_column_text]<\/p>\n<h1 style=\"text-align: center;\"><span style=\"color: #dd971a;\">Casa del caf\u00e9<\/span><\/h1>\n<p>[\/vc_column_text][\/vc_column_inner][\/vc_row_inner][\/vc_column][\/vc_row][vc_row css_animation=&#8221;&#8221; row_type=&#8221;row&#8221; use_row_as_full_screen_section=&#8221;no&#8221; type=&#8221;grid&#8221; angled_section=&#8221;no&#8221; text_align=&#8221;left&#8221; background_image_as_pattern=&#8221;without_pattern&#8221; z_index=&#8221;&#8221;][vc_column][vc_column_text css=&#8221;.vc_custom_1569700083963{padding-top: 90px !important;padding-bottom: 80px !important;}&#8221;]<\/p>\n<p style=\"text-align: center;\">One of the most recognized coffee shops in Nicaragua launched a limited edition of a single origin<br \/>\ncoffee from our Finca San Ramon.<\/p>\n<p>&nbsp;<\/p>\n<h3 style=\"text-align: center;\"><strong><span style=\"color: #552800;\">You can find this product on different retailers as well in Casa del Caf\u00e9.<\/span><\/strong><\/h3>\n<p>[\/vc_column_text][\/vc_column][\/vc_row][vc_row css_animation=&#8221;element_from_fade&#8221; row_type=&#8221;row&#8221; use_row_as_full_screen_section=&#8221;no&#8221; type=&#8221;full_width&#8221; angled_section=&#8221;no&#8221; text_align=&#8221;left&#8221; background_image_as_pattern=&#8221;without_pattern&#8221; z_index=&#8221;&#8221;][vc_column]<div class='qode_image_gallery_no_space light'><div class='qode_image_gallery_holder' style='height: 400px;'><ul  ><li  ><div style=\"height: 400px; width:400px;\"><a itemprop=\"image\" class=\"prettyphoto\" data-rel=\"prettyPhoto[rel-946181516]\" href=\"https:\/\/fincasanramon.com\/wp-content\/uploads\/2019\/09\/San-Ram\u00f3n-Casa-del-Caf\u00e9.jpg\"><img decoding=\"async\" itemprop=\"image\" src=\"https:\/\/fincasanramon.com\/wp-content\/uploads\/2019\/09\/San-Ram\u00f3n-Casa-del-Caf\u00e9.jpg\" alt=\"\" \/><\/a><\/div><\/li><li  ><div style=\"height: 400px; width:399px;\"><a itemprop=\"image\" class=\"prettyphoto\" data-rel=\"prettyPhoto[rel-946181516]\" href=\"https:\/\/fincasanramon.com\/wp-content\/uploads\/2019\/09\/San-Ram\u00f3n-Casa-del-Caf\u00e92.jpg-e1568161087889.png\"><img decoding=\"async\" itemprop=\"image\" src=\"https:\/\/fincasanramon.com\/wp-content\/uploads\/2019\/09\/San-Ram\u00f3n-Casa-del-Caf\u00e92.jpg-e1568161087889.png\" alt=\"\" \/><\/a><\/div><\/li><li  ><div style=\"height: 400px; width:400px;\"><a itemprop=\"image\" class=\"prettyphoto\" data-rel=\"prettyPhoto[rel-946181516]\" href=\"https:\/\/fincasanramon.com\/wp-content\/uploads\/2019\/09\/San-Ram\u00f3n-Casa-del-Caf\u00e93.jpg\"><img decoding=\"async\" itemprop=\"image\" src=\"https:\/\/fincasanramon.com\/wp-content\/uploads\/2019\/09\/San-Ram\u00f3n-Casa-del-Caf\u00e93.jpg\" alt=\"\" \/><\/a><\/div><\/li><\/ul><\/div><div class=\"controls\"><a class=\"prev-slide\" href=\"#\"><span><i class=\"fa fa-angle-left\"><\/i><\/span><\/a><a class=\"next-slide\" href=\"#\"><span><i class=\"fa fa-angle-right\"><\/i><\/span><\/a><\/div><\/div>[\/vc_column][\/vc_row]<\/p>\n<\/div>","protected":false},"excerpt":{"rendered":"<p>[vc_row css_animation=&#8221;&#8221; row_type=&#8221;row&#8221; use_row_as_full_screen_section=&#8221;no&#8221; type=&#8221;full_width&#8221; angled_section=&#8221;no&#8221; text_align=&#8221;left&#8221; background_image_as_pattern=&#8221;without_pattern&#8221; css=&#8221;.vc_custom_1568859679959{background-position: center !important;background-repeat: no-repeat !important;background-size:&#8230;<\/p>\n","protected":false},"author":2,"featured_media":0,"parent":0,"menu_order":0,"comment_status":"closed","ping_status":"closed","template":"full_width.php","meta":{"footnotes":""},"class_list":["post-1332","page","type-page","status-publish","hentry"],"yoast_head":"<!-- This site is optimized with the Yoast SEO plugin v26.9 - https:\/\/yoast.com\/product\/yoast-seo-wordpress\/ -->\n<title>Alianza Casa del Caf\u00e9 Finca San Ram\u00f3n -<\/title>\n<meta name=\"description\" content=\"Una de las cafeter\u00edas de mas prestigio en Nicaragua decidi\u00f3 lanzar una edici\u00f3n limitada de su l\u00ednea decaf\u00e9 de origen con nuestra Finca San Ram\u00f3n.\" \/>\n<meta name=\"robots\" content=\"index, follow, max-snippet:-1, max-image-preview:large, max-video-preview:-1\" \/>\n<link rel=\"canonical\" href=\"https:\/\/fincasanramon.com\/en\/alianza-casa-del-cafe-finca-san-ramon\/\" \/>\n<meta property=\"og:locale\" content=\"en_US\" \/>\n<meta property=\"og:type\" content=\"article\" \/>\n<meta property=\"og:title\" content=\"Alianza Casa del Caf\u00e9 Finca San Ram\u00f3n -\" \/>\n<meta property=\"og:description\" content=\"Una de las cafeter\u00edas de mas prestigio en Nicaragua decidi\u00f3 lanzar una edici\u00f3n limitada de su l\u00ednea decaf\u00e9 de origen con nuestra Finca San Ram\u00f3n.\" \/>\n<meta property=\"og:url\" content=\"https:\/\/fincasanramon.com\/en\/alianza-casa-del-cafe-finca-san-ramon\/\" \/>\n<meta property=\"og:site_name\" content=\"Finca San Ram\u00f3n\" \/>\n<meta property=\"article:modified_time\" content=\"2019-09-28T19:48:06+00:00\" \/>\n<meta name=\"twitter:card\" content=\"summary_large_image\" \/>\n<meta name=\"twitter:label1\" content=\"Est. reading time\" \/>\n\t<meta name=\"twitter:data1\" content=\"2 minutes\" \/>\n<script type=\"application\/ld+json\" class=\"yoast-schema-graph\">{\"@context\":\"https:\/\/schema.org\",\"@graph\":[{\"@type\":\"WebPage\",\"@id\":\"https:\/\/fincasanramon.com\/en\/alianza-casa-del-cafe-finca-san-ramon\/\",\"url\":\"https:\/\/fincasanramon.com\/en\/alianza-casa-del-cafe-finca-san-ramon\/\",\"name\":\"Alianza Casa del Caf\u00e9 Finca San Ram\u00f3n -\",\"isPartOf\":{\"@id\":\"https:\/\/fincasanramon.com\/en\/#website\"},\"datePublished\":\"2019-09-10T23:51:55+00:00\",\"dateModified\":\"2019-09-28T19:48:06+00:00\",\"description\":\"Una de las cafeter\u00edas de mas prestigio en Nicaragua decidi\u00f3 lanzar una edici\u00f3n limitada de su l\u00ednea decaf\u00e9 de origen con nuestra Finca San Ram\u00f3n.\",\"breadcrumb\":{\"@id\":\"https:\/\/fincasanramon.com\/en\/alianza-casa-del-cafe-finca-san-ramon\/#breadcrumb\"},\"inLanguage\":\"en-US\",\"potentialAction\":[{\"@type\":\"ReadAction\",\"target\":[\"https:\/\/fincasanramon.com\/en\/alianza-casa-del-cafe-finca-san-ramon\/\"]}]},{\"@type\":\"BreadcrumbList\",\"@id\":\"https:\/\/fincasanramon.com\/en\/alianza-casa-del-cafe-finca-san-ramon\/#breadcrumb\",\"itemListElement\":[{\"@type\":\"ListItem\",\"position\":1,\"name\":\"Portada\",\"item\":\"https:\/\/fincasanramon.com\/en\/\"},{\"@type\":\"ListItem\",\"position\":2,\"name\":\"Alianza Casa del Caf\u00e9 Finca San Ram\u00f3n\"}]},{\"@type\":\"WebSite\",\"@id\":\"https:\/\/fincasanramon.com\/en\/#website\",\"url\":\"https:\/\/fincasanramon.com\/en\/\",\"name\":\"Finca San Ram\u00f3n\",\"description\":\"Productores de caf\u00e9 Nicarag\u00fcense\",\"publisher\":{\"@id\":\"https:\/\/fincasanramon.com\/en\/#organization\"},\"potentialAction\":[{\"@type\":\"SearchAction\",\"target\":{\"@type\":\"EntryPoint\",\"urlTemplate\":\"https:\/\/fincasanramon.com\/en\/?s={search_term_string}\"},\"query-input\":{\"@type\":\"PropertyValueSpecification\",\"valueRequired\":true,\"valueName\":\"search_term_string\"}}],\"inLanguage\":\"en-US\"},{\"@type\":\"Organization\",\"@id\":\"https:\/\/fincasanramon.com\/en\/#organization\",\"name\":\"Finca San Ram\u00f3n\",\"url\":\"https:\/\/fincasanramon.com\/en\/\",\"logo\":{\"@type\":\"ImageObject\",\"inLanguage\":\"en-US\",\"@id\":\"https:\/\/fincasanramon.com\/en\/#\/schema\/logo\/image\/\",\"url\":\"https:\/\/fincasanramon.com\/wp-content\/uploads\/2019\/08\/Logotipo-color-Header-Finca-San-Ramon.png\",\"contentUrl\":\"https:\/\/fincasanramon.com\/wp-content\/uploads\/2019\/08\/Logotipo-color-Header-Finca-San-Ramon.png\",\"width\":182,\"height\":167,\"caption\":\"Finca San Ram\u00f3n\"},\"image\":{\"@id\":\"https:\/\/fincasanramon.com\/en\/#\/schema\/logo\/image\/\"}}]}<\/script>\n<!-- \/ Yoast SEO plugin. -->","yoast_head_json":{"title":"Alianza Casa del Caf\u00e9 Finca San Ram\u00f3n -","description":"Una de las cafeter\u00edas de mas prestigio en Nicaragua decidi\u00f3 lanzar una edici\u00f3n limitada de su l\u00ednea decaf\u00e9 de origen con nuestra Finca San Ram\u00f3n.","robots":{"index":"index","follow":"follow","max-snippet":"max-snippet:-1","max-image-preview":"max-image-preview:large","max-video-preview":"max-video-preview:-1"},"canonical":"https:\/\/fincasanramon.com\/en\/alianza-casa-del-cafe-finca-san-ramon\/","og_locale":"en_US","og_type":"article","og_title":"Alianza Casa del Caf\u00e9 Finca San Ram\u00f3n -","og_description":"Una de las cafeter\u00edas de mas prestigio en Nicaragua decidi\u00f3 lanzar una edici\u00f3n limitada de su l\u00ednea decaf\u00e9 de origen con nuestra Finca San Ram\u00f3n.","og_url":"https:\/\/fincasanramon.com\/en\/alianza-casa-del-cafe-finca-san-ramon\/","og_site_name":"Finca San Ram\u00f3n","article_modified_time":"2019-09-28T19:48:06+00:00","twitter_card":"summary_large_image","twitter_misc":{"Est. reading time":"2 minutes"},"schema":{"@context":"https:\/\/schema.org","@graph":[{"@type":"WebPage","@id":"https:\/\/fincasanramon.com\/en\/alianza-casa-del-cafe-finca-san-ramon\/","url":"https:\/\/fincasanramon.com\/en\/alianza-casa-del-cafe-finca-san-ramon\/","name":"Alianza Casa del Caf\u00e9 Finca San Ram\u00f3n -","isPartOf":{"@id":"https:\/\/fincasanramon.com\/en\/#website"},"datePublished":"2019-09-10T23:51:55+00:00","dateModified":"2019-09-28T19:48:06+00:00","description":"Una de las cafeter\u00edas de mas prestigio en Nicaragua decidi\u00f3 lanzar una edici\u00f3n limitada de su l\u00ednea decaf\u00e9 de origen con nuestra Finca San Ram\u00f3n.","breadcrumb":{"@id":"https:\/\/fincasanramon.com\/en\/alianza-casa-del-cafe-finca-san-ramon\/#breadcrumb"},"inLanguage":"en-US","potentialAction":[{"@type":"ReadAction","target":["https:\/\/fincasanramon.com\/en\/alianza-casa-del-cafe-finca-san-ramon\/"]}]},{"@type":"BreadcrumbList","@id":"https:\/\/fincasanramon.com\/en\/alianza-casa-del-cafe-finca-san-ramon\/#breadcrumb","itemListElement":[{"@type":"ListItem","position":1,"name":"Portada","item":"https:\/\/fincasanramon.com\/en\/"},{"@type":"ListItem","position":2,"name":"Alianza Casa del Caf\u00e9 Finca San Ram\u00f3n"}]},{"@type":"WebSite","@id":"https:\/\/fincasanramon.com\/en\/#website","url":"https:\/\/fincasanramon.com\/en\/","name":"Finca San Ram\u00f3n","description":"Productores de caf\u00e9 Nicarag\u00fcense","publisher":{"@id":"https:\/\/fincasanramon.com\/en\/#organization"},"potentialAction":[{"@type":"SearchAction","target":{"@type":"EntryPoint","urlTemplate":"https:\/\/fincasanramon.com\/en\/?s={search_term_string}"},"query-input":{"@type":"PropertyValueSpecification","valueRequired":true,"valueName":"search_term_string"}}],"inLanguage":"en-US"},{"@type":"Organization","@id":"https:\/\/fincasanramon.com\/en\/#organization","name":"Finca San Ram\u00f3n","url":"https:\/\/fincasanramon.com\/en\/","logo":{"@type":"ImageObject","inLanguage":"en-US","@id":"https:\/\/fincasanramon.com\/en\/#\/schema\/logo\/image\/","url":"https:\/\/fincasanramon.com\/wp-content\/uploads\/2019\/08\/Logotipo-color-Header-Finca-San-Ramon.png","contentUrl":"https:\/\/fincasanramon.com\/wp-content\/uploads\/2019\/08\/Logotipo-color-Header-Finca-San-Ramon.png","width":182,"height":167,"caption":"Finca San Ram\u00f3n"},"image":{"@id":"https:\/\/fincasanramon.com\/en\/#\/schema\/logo\/image\/"}}]}},"_links":{"self":[{"href":"https:\/\/fincasanramon.com\/en\/wp-json\/wp\/v2\/pages\/1332","targetHints":{"allow":["GET"]}}],"collection":[{"href":"https:\/\/fincasanramon.com\/en\/wp-json\/wp\/v2\/pages"}],"about":[{"href":"https:\/\/fincasanramon.com\/en\/wp-json\/wp\/v2\/types\/page"}],"author":[{"embeddable":true,"href":"https:\/\/fincasanramon.com\/en\/wp-json\/wp\/v2\/users\/2"}],"replies":[{"embeddable":true,"href":"https:\/\/fincasanramon.com\/en\/wp-json\/wp\/v2\/comments?post=1332"}],"version-history":[{"count":3,"href":"https:\/\/fincasanramon.com\/en\/wp-json\/wp\/v2\/pages\/1332\/revisions"}],"predecessor-version":[{"id":1336,"href":"https:\/\/fincasanramon.com\/en\/wp-json\/wp\/v2\/pages\/1332\/revisions\/1336"}],"wp:attachment":[{"href":"https:\/\/fincasanramon.com\/en\/wp-json\/wp\/v2\/media?parent=1332"}],"curies":[{"name":"wp","href":"https:\/\/api.w.org\/{rel}","templated":true}]}}