{"id":1342,"date":"2019-09-24T23:54:11","date_gmt":"2019-09-24T23:54:11","guid":{"rendered":"https:\/\/fincasanramon.com\/blog-finca-san-ramon\/"},"modified":"2019-10-18T18:04:30","modified_gmt":"2019-10-18T18:04:30","slug":"blog-finca-san-ramon","status":"publish","type":"page","link":"https:\/\/fincasanramon.com\/en\/blog-finca-san-ramon\/","title":{"rendered":"Blog Finca San Ram\u00f3n"},"content":{"rendered":"<div class=\"wpb-content-wrapper\"><p>[vc_row css_animation=&#8221;&#8221; row_type=&#8221;row&#8221; use_row_as_full_screen_section=&#8221;no&#8221; type=&#8221;full_width&#8221; angled_section=&#8221;no&#8221; text_align=&#8221;left&#8221; background_image_as_pattern=&#8221;without_pattern&#8221; css=&#8221;.vc_custom_1569451745514{padding-top: 330px !important;padding-bottom: 100px !important;background-image: url(https:\/\/fincasanramon.com\/wp-content\/uploads\/2019\/09\/Banner-blog-Finca-San-Ram\u00f3n.jpg?id=1122) !important;background-position: center !important;background-repeat: no-repeat !important;background-size: cover !important;}&#8221; z_index=&#8221;&#8221;][vc_column][vc_row_inner row_type=&#8221;row&#8221; type=&#8221;grid&#8221; text_align=&#8221;left&#8221; css_animation=&#8221;element_from_left&#8221;][vc_column_inner width=&#8221;1\/2&#8243;][vc_column_text]<\/p>\n<h2 style=\"text-align: left;\"><span style=\"color: #faf4ed;\">Our<\/span><\/h2>\n<h1 style=\"text-align: left;\"><span style=\"color: #ff9933;\">News and articles<\/span><\/h1>\n<p>[\/vc_column_text][\/vc_column_inner][vc_column_inner width=&#8221;1\/2&#8243;][\/vc_column_inner][\/vc_row_inner][\/vc_column][\/vc_row]<\/p>\n<\/div>","protected":false},"excerpt":{"rendered":"<p>[vc_row css_animation=&#8221;&#8221; row_type=&#8221;row&#8221; use_row_as_full_screen_section=&#8221;no&#8221; type=&#8221;full_width&#8221; angled_section=&#8221;no&#8221; text_align=&#8221;left&#8221; background_image_as_pattern=&#8221;without_pattern&#8221; css=&#8221;.vc_custom_1569451745514{padding-top: 330px !important;padding-bottom: 100px !important;background-image:&#8230;<\/p>\n","protected":false},"author":2,"featured_media":1460,"parent":0,"menu_order":0,"comment_status":"closed","ping_status":"closed","template":"blog-gallery.php","meta":{"footnotes":""},"class_list":["post-1342","page","type-page","status-publish","has-post-thumbnail","hentry"],"yoast_head":"<!-- This site is optimized with the Yoast SEO plugin v26.9 - https:\/\/yoast.com\/product\/yoast-seo-wordpress\/ -->\n<title>Blog and news - Finca San Ram\u00f3n<\/title>\n<meta name=\"description\" content=\"Read all the news and articles of Finca San Ram\u00f3n coffee producers\" \/>\n<meta name=\"robots\" content=\"index, follow, max-snippet:-1, max-image-preview:large, max-video-preview:-1\" \/>\n<link rel=\"canonical\" href=\"https:\/\/fincasanramon.com\/en\/blog-finca-san-ramon\/\" \/>\n<meta property=\"og:locale\" content=\"en_US\" \/>\n<meta property=\"og:type\" content=\"article\" \/>\n<meta property=\"og:title\" content=\"Blog and news - Finca San Ram\u00f3n\" \/>\n<meta property=\"og:description\" content=\"Read all the news and articles of Finca San Ram\u00f3n coffee producers\" \/>\n<meta property=\"og:url\" content=\"https:\/\/fincasanramon.com\/en\/blog-finca-san-ramon\/\" \/>\n<meta property=\"og:site_name\" content=\"Finca San Ram\u00f3n\" \/>\n<meta property=\"article:modified_time\" content=\"2019-10-18T18:04:30+00:00\" \/>\n<meta property=\"og:image\" content=\"https:\/\/fincasanramon.com\/wp-content\/uploads\/2019\/09\/Finca-San-Ram\u00f3n-blog-presentaci\u00f2n.jpg\" \/>\n\t<meta property=\"og:image:width\" content=\"1800\" \/>\n\t<meta property=\"og:image:height\" content=\"975\" \/>\n\t<meta property=\"og:image:type\" content=\"image\/jpeg\" \/>\n<meta name=\"twitter:card\" content=\"summary_large_image\" \/>\n<meta name=\"twitter:label1\" content=\"Est. reading time\" \/>\n\t<meta name=\"twitter:data1\" content=\"1 minute\" \/>\n<script type=\"application\/ld+json\" class=\"yoast-schema-graph\">{\"@context\":\"https:\/\/schema.org\",\"@graph\":[{\"@type\":\"WebPage\",\"@id\":\"https:\/\/fincasanramon.com\/en\/blog-finca-san-ramon\/\",\"url\":\"https:\/\/fincasanramon.com\/en\/blog-finca-san-ramon\/\",\"name\":\"Blog and news - Finca San Ram\u00f3n\",\"isPartOf\":{\"@id\":\"https:\/\/fincasanramon.com\/en\/#website\"},\"primaryImageOfPage\":{\"@id\":\"https:\/\/fincasanramon.com\/en\/blog-finca-san-ramon\/#primaryimage\"},\"image\":{\"@id\":\"https:\/\/fincasanramon.com\/en\/blog-finca-san-ramon\/#primaryimage\"},\"thumbnailUrl\":\"https:\/\/fincasanramon.com\/wp-content\/uploads\/2019\/09\/Finca-San-Ram\u00f3n-blog-presentaci\u00f2n.jpg\",\"datePublished\":\"2019-09-24T23:54:11+00:00\",\"dateModified\":\"2019-10-18T18:04:30+00:00\",\"description\":\"Read all the news and articles of Finca San Ram\u00f3n coffee producers\",\"breadcrumb\":{\"@id\":\"https:\/\/fincasanramon.com\/en\/blog-finca-san-ramon\/#breadcrumb\"},\"inLanguage\":\"en-US\",\"potentialAction\":[{\"@type\":\"ReadAction\",\"target\":[\"https:\/\/fincasanramon.com\/en\/blog-finca-san-ramon\/\"]}]},{\"@type\":\"ImageObject\",\"inLanguage\":\"en-US\",\"@id\":\"https:\/\/fincasanramon.com\/en\/blog-finca-san-ramon\/#primaryimage\",\"url\":\"https:\/\/fincasanramon.com\/wp-content\/uploads\/2019\/09\/Finca-San-Ram\u00f3n-blog-presentaci\u00f2n.jpg\",\"contentUrl\":\"https:\/\/fincasanramon.com\/wp-content\/uploads\/2019\/09\/Finca-San-Ram\u00f3n-blog-presentaci\u00f2n.jpg\",\"width\":1800,\"height\":975},{\"@type\":\"BreadcrumbList\",\"@id\":\"https:\/\/fincasanramon.com\/en\/blog-finca-san-ramon\/#breadcrumb\",\"itemListElement\":[{\"@type\":\"ListItem\",\"position\":1,\"name\":\"Portada\",\"item\":\"https:\/\/fincasanramon.com\/en\/\"},{\"@type\":\"ListItem\",\"position\":2,\"name\":\"Blog Finca San Ram\u00f3n\"}]},{\"@type\":\"WebSite\",\"@id\":\"https:\/\/fincasanramon.com\/en\/#website\",\"url\":\"https:\/\/fincasanramon.com\/en\/\",\"name\":\"Finca San Ram\u00f3n\",\"description\":\"Productores de caf\u00e9 Nicarag\u00fcense\",\"publisher\":{\"@id\":\"https:\/\/fincasanramon.com\/en\/#organization\"},\"potentialAction\":[{\"@type\":\"SearchAction\",\"target\":{\"@type\":\"EntryPoint\",\"urlTemplate\":\"https:\/\/fincasanramon.com\/en\/?s={search_term_string}\"},\"query-input\":{\"@type\":\"PropertyValueSpecification\",\"valueRequired\":true,\"valueName\":\"search_term_string\"}}],\"inLanguage\":\"en-US\"},{\"@type\":\"Organization\",\"@id\":\"https:\/\/fincasanramon.com\/en\/#organization\",\"name\":\"Finca San Ram\u00f3n\",\"url\":\"https:\/\/fincasanramon.com\/en\/\",\"logo\":{\"@type\":\"ImageObject\",\"inLanguage\":\"en-US\",\"@id\":\"https:\/\/fincasanramon.com\/en\/#\/schema\/logo\/image\/\",\"url\":\"https:\/\/fincasanramon.com\/wp-content\/uploads\/2019\/08\/Logotipo-color-Header-Finca-San-Ramon.png\",\"contentUrl\":\"https:\/\/fincasanramon.com\/wp-content\/uploads\/2019\/08\/Logotipo-color-Header-Finca-San-Ramon.png\",\"width\":182,\"height\":167,\"caption\":\"Finca San Ram\u00f3n\"},\"image\":{\"@id\":\"https:\/\/fincasanramon.com\/en\/#\/schema\/logo\/image\/\"}}]}<\/script>\n<!-- \/ Yoast SEO plugin. -->","yoast_head_json":{"title":"Blog and news - Finca San Ram\u00f3n","description":"Read all the news and articles of Finca San Ram\u00f3n coffee producers","robots":{"index":"index","follow":"follow","max-snippet":"max-snippet:-1","max-image-preview":"max-image-preview:large","max-video-preview":"max-video-preview:-1"},"canonical":"https:\/\/fincasanramon.com\/en\/blog-finca-san-ramon\/","og_locale":"en_US","og_type":"article","og_title":"Blog and news - Finca San Ram\u00f3n","og_description":"Read all the news and articles of Finca San Ram\u00f3n coffee producers","og_url":"https:\/\/fincasanramon.com\/en\/blog-finca-san-ramon\/","og_site_name":"Finca San Ram\u00f3n","article_modified_time":"2019-10-18T18:04:30+00:00","og_image":[{"width":1800,"height":975,"url":"https:\/\/fincasanramon.com\/wp-content\/uploads\/2019\/09\/Finca-San-Ram\u00f3n-blog-presentaci\u00f2n.jpg","type":"image\/jpeg"}],"twitter_card":"summary_large_image","twitter_misc":{"Est. reading time":"1 minute"},"schema":{"@context":"https:\/\/schema.org","@graph":[{"@type":"WebPage","@id":"https:\/\/fincasanramon.com\/en\/blog-finca-san-ramon\/","url":"https:\/\/fincasanramon.com\/en\/blog-finca-san-ramon\/","name":"Blog and news - Finca San Ram\u00f3n","isPartOf":{"@id":"https:\/\/fincasanramon.com\/en\/#website"},"primaryImageOfPage":{"@id":"https:\/\/fincasanramon.com\/en\/blog-finca-san-ramon\/#primaryimage"},"image":{"@id":"https:\/\/fincasanramon.com\/en\/blog-finca-san-ramon\/#primaryimage"},"thumbnailUrl":"https:\/\/fincasanramon.com\/wp-content\/uploads\/2019\/09\/Finca-San-Ram\u00f3n-blog-presentaci\u00f2n.jpg","datePublished":"2019-09-24T23:54:11+00:00","dateModified":"2019-10-18T18:04:30+00:00","description":"Read all the news and articles of Finca San Ram\u00f3n coffee producers","breadcrumb":{"@id":"https:\/\/fincasanramon.com\/en\/blog-finca-san-ramon\/#breadcrumb"},"inLanguage":"en-US","potentialAction":[{"@type":"ReadAction","target":["https:\/\/fincasanramon.com\/en\/blog-finca-san-ramon\/"]}]},{"@type":"ImageObject","inLanguage":"en-US","@id":"https:\/\/fincasanramon.com\/en\/blog-finca-san-ramon\/#primaryimage","url":"https:\/\/fincasanramon.com\/wp-content\/uploads\/2019\/09\/Finca-San-Ram\u00f3n-blog-presentaci\u00f2n.jpg","contentUrl":"https:\/\/fincasanramon.com\/wp-content\/uploads\/2019\/09\/Finca-San-Ram\u00f3n-blog-presentaci\u00f2n.jpg","width":1800,"height":975},{"@type":"BreadcrumbList","@id":"https:\/\/fincasanramon.com\/en\/blog-finca-san-ramon\/#breadcrumb","itemListElement":[{"@type":"ListItem","position":1,"name":"Portada","item":"https:\/\/fincasanramon.com\/en\/"},{"@type":"ListItem","position":2,"name":"Blog Finca San Ram\u00f3n"}]},{"@type":"WebSite","@id":"https:\/\/fincasanramon.com\/en\/#website","url":"https:\/\/fincasanramon.com\/en\/","name":"Finca San Ram\u00f3n","description":"Productores de caf\u00e9 Nicarag\u00fcense","publisher":{"@id":"https:\/\/fincasanramon.com\/en\/#organization"},"potentialAction":[{"@type":"SearchAction","target":{"@type":"EntryPoint","urlTemplate":"https:\/\/fincasanramon.com\/en\/?s={search_term_string}"},"query-input":{"@type":"PropertyValueSpecification","valueRequired":true,"valueName":"search_term_string"}}],"inLanguage":"en-US"},{"@type":"Organization","@id":"https:\/\/fincasanramon.com\/en\/#organization","name":"Finca San Ram\u00f3n","url":"https:\/\/fincasanramon.com\/en\/","logo":{"@type":"ImageObject","inLanguage":"en-US","@id":"https:\/\/fincasanramon.com\/en\/#\/schema\/logo\/image\/","url":"https:\/\/fincasanramon.com\/wp-content\/uploads\/2019\/08\/Logotipo-color-Header-Finca-San-Ramon.png","contentUrl":"https:\/\/fincasanramon.com\/wp-content\/uploads\/2019\/08\/Logotipo-color-Header-Finca-San-Ramon.png","width":182,"height":167,"caption":"Finca San Ram\u00f3n"},"image":{"@id":"https:\/\/fincasanramon.com\/en\/#\/schema\/logo\/image\/"}}]}},"_links":{"self":[{"href":"https:\/\/fincasanramon.com\/en\/wp-json\/wp\/v2\/pages\/1342","targetHints":{"allow":["GET"]}}],"collection":[{"href":"https:\/\/fincasanramon.com\/en\/wp-json\/wp\/v2\/pages"}],"about":[{"href":"https:\/\/fincasanramon.com\/en\/wp-json\/wp\/v2\/types\/page"}],"author":[{"embeddable":true,"href":"https:\/\/fincasanramon.com\/en\/wp-json\/wp\/v2\/users\/2"}],"replies":[{"embeddable":true,"href":"https:\/\/fincasanramon.com\/en\/wp-json\/wp\/v2\/comments?post=1342"}],"version-history":[{"count":2,"href":"https:\/\/fincasanramon.com\/en\/wp-json\/wp\/v2\/pages\/1342\/revisions"}],"predecessor-version":[{"id":1344,"href":"https:\/\/fincasanramon.com\/en\/wp-json\/wp\/v2\/pages\/1342\/revisions\/1344"}],"wp:featuredmedia":[{"embeddable":true,"href":"https:\/\/fincasanramon.com\/en\/wp-json\/wp\/v2\/media\/1460"}],"wp:attachment":[{"href":"https:\/\/fincasanramon.com\/en\/wp-json\/wp\/v2\/media?parent=1342"}],"curies":[{"name":"wp","href":"https:\/\/api.w.org\/{rel}","templated":true}]}}