{"id":1345,"date":"2019-09-11T01:32:08","date_gmt":"2019-09-11T01:32:08","guid":{"rendered":"https:\/\/fincasanramon.com\/contactanos-finca-san-ramon\/"},"modified":"2019-10-18T17:04:03","modified_gmt":"2019-10-18T17:04:03","slug":"contactanos-finca-san-ramon","status":"publish","type":"page","link":"https:\/\/fincasanramon.com\/en\/contactanos-finca-san-ramon\/","title":{"rendered":"Cont\u00e1ctanos Finca San Ram\u00f3n"},"content":{"rendered":"<div class=\"wpb-content-wrapper\"><p>[vc_row css_animation=&#8221;&#8221; row_type=&#8221;row&#8221; use_row_as_full_screen_section=&#8221;no&#8221; type=&#8221;full_width&#8221; angled_section=&#8221;no&#8221; text_align=&#8221;left&#8221; background_image_as_pattern=&#8221;without_pattern&#8221; css=&#8221;.vc_custom_1568861921978{background-position: center !important;background-repeat: no-repeat !important;background-size: cover !important;}&#8221; z_index=&#8221;&#8221;][vc_column offset=&#8221;vc_hidden-xs&#8221;][vc_row_inner row_type=&#8221;row&#8221; type=&#8221;grid&#8221; text_align=&#8221;left&#8221; css_animation=&#8221;element_from_left&#8221; css=&#8221;.vc_custom_1568861950350{padding-top: 390px !important;padding-bottom: 60px !important;background-image: url(https:\/\/fincasanramon.com\/wp-content\/uploads\/2019\/09\/Banner-Contacto-Finca-San-Ram\u00f3n.jpg?id=761) !important;background-position: center !important;background-repeat: no-repeat !important;background-size: cover !important;}&#8221;][vc_column_inner][vc_column_text]<\/p>\n<h1 style=\"text-align: left;\"><span style=\"color: #ff9933;\">Contact us<\/span><\/h1>\n<p>[\/vc_column_text][vc_column_text]<\/p>\n<p style=\"text-align: left;\"><span style=\"color: #faf4ed;\">If you wish to receive more info or perhaps to schedule<br \/>\na visit, please feel free to contact us.<\/span><\/p>\n<p>[\/vc_column_text][\/vc_column_inner][\/vc_row_inner][\/vc_column][\/vc_row][vc_row css_animation=&#8221;&#8221; row_type=&#8221;row&#8221; use_row_as_full_screen_section=&#8221;no&#8221; type=&#8221;full_width&#8221; angled_section=&#8221;no&#8221; text_align=&#8221;left&#8221; background_image_as_pattern=&#8221;without_pattern&#8221; css=&#8221;.vc_custom_1568861921978{background-position: center !important;background-repeat: no-repeat !important;background-size: cover !important;}&#8221; z_index=&#8221;&#8221;][vc_column offset=&#8221;vc_hidden-lg vc_hidden-md vc_hidden-sm&#8221;][vc_row_inner row_type=&#8221;row&#8221; type=&#8221;grid&#8221; text_align=&#8221;left&#8221; css_animation=&#8221;element_from_left&#8221; css=&#8221;.vc_custom_1568861993280{padding-top: 390px !important;padding-bottom: 60px !important;background-image: url(https:\/\/fincasanramon.com\/wp-content\/uploads\/2019\/09\/Mobil-banner-contacto-Finca-San-Ram\u00f3n.jpg?id=1050) !important;background-position: center !important;background-repeat: no-repeat !important;background-size: cover !important;}&#8221;][vc_column_inner][vc_column_text]<\/p>\n<h1 style=\"text-align: left;\"><span style=\"color: #ff9933;\">Contact us<\/span><\/h1>\n<p>[\/vc_column_text][vc_column_text]<\/p>\n<p style=\"text-align: left;\"><span style=\"color: #faf4ed;\">If you wish to receive more info or perhaps to schedule<br \/>\na visit, please feel free to contact us.<\/span><\/p>\n<p>[\/vc_column_text][\/vc_column_inner][\/vc_row_inner][\/vc_column][\/vc_row][vc_row css_animation=&#8221;element_from_fade&#8221; row_type=&#8221;row&#8221; use_row_as_full_screen_section=&#8221;no&#8221; type=&#8221;grid&#8221; angled_section=&#8221;no&#8221; text_align=&#8221;left&#8221; background_image_as_pattern=&#8221;without_pattern&#8221; z_index=&#8221;&#8221; css=&#8221;.vc_custom_1568680270388{padding-top: 30px !important;}&#8221;][vc_column width=&#8221;1\/3&#8243; css=&#8221;.vc_custom_1568680949903{margin-top: 0px !important;margin-right: 0px !important;margin-bottom: 0px !important;margin-left: 0px !important;padding-top: 0px !important;padding-right: 0px !important;padding-bottom: 0px !important;padding-left: 0px !important;background-position: center !important;background-repeat: no-repeat !important;background-size: cover !important;}&#8221;]<div class='image_hover hovered' style='' data-transition-delay=''><div class='images_holder'><img itemprop='image' class='active_image ' src='https:\/\/fincasanramon.com\/wp-content\/uploads\/2019\/09\/Imagen-de-contacto-Finca-San-Ram\u00f3n.jpg' alt='' style='' \/><img itemprop='image' class='hover_image' src='https:\/\/fincasanramon.com\/wp-content\/uploads\/2019\/09\/Imagen-de-contacto-hover-Finca-San-Ram\u00f3n.jpg' alt='' style='' \/><\/div><\/div>[\/vc_column][vc_column width=&#8221;2\/3&#8243; css=&#8221;.vc_custom_1568214701471{padding-right: 30px !important;padding-left: 30px !important;background-color: #ffffff !important;}&#8221;]\n<div class=\"wpcf7 no-js\" id=\"wpcf7-f1349-o1\" lang=\"es-ES\" dir=\"ltr\" data-wpcf7-id=\"1349\">\n<div class=\"screen-reader-response\"><p role=\"status\" aria-live=\"polite\" aria-atomic=\"true\"><\/p> <ul><\/ul><\/div>\n<form action=\"\/en\/wp-json\/wp\/v2\/pages\/1345#wpcf7-f1349-o1\" method=\"post\" class=\"wpcf7-form init cf7_custom_style_1\" aria-label=\"Formulario de contacto\" novalidate=\"novalidate\" data-status=\"init\">\n<div style=\"display: none;\">\n<input type=\"hidden\" name=\"_wpcf7\" value=\"1349\" \/>\n<input type=\"hidden\" name=\"_wpcf7_version\" value=\"6.0.6\" \/>\n<input type=\"hidden\" name=\"_wpcf7_locale\" value=\"es_ES\" \/>\n<input type=\"hidden\" name=\"_wpcf7_unit_tag\" value=\"wpcf7-f1349-o1\" \/>\n<input type=\"hidden\" name=\"_wpcf7_container_post\" value=\"0\" \/>\n<input type=\"hidden\" name=\"_wpcf7_posted_data_hash\" value=\"\" \/>\n<\/div>\n<p><span class=\"wpcf7-form-control-wrap\" data-name=\"fullname\"><input size=\"40\" maxlength=\"400\" class=\"wpcf7-form-control wpcf7-text wpcf7-validates-as-required\" aria-required=\"true\" aria-invalid=\"false\" placeholder=\"Full Name\" value=\"\" type=\"text\" name=\"fullname\" \/><\/span><br \/>\n<span class=\"wpcf7-form-control-wrap\" data-name=\"email\"><input size=\"40\" maxlength=\"400\" class=\"wpcf7-form-control wpcf7-email wpcf7-validates-as-required wpcf7-text wpcf7-validates-as-email\" aria-required=\"true\" aria-invalid=\"false\" placeholder=\"E-mail\" value=\"\" type=\"email\" name=\"email\" \/><\/span><br \/>\n<span class=\"wpcf7-form-control-wrap\" data-name=\"phone\"><input size=\"40\" maxlength=\"400\" class=\"wpcf7-form-control wpcf7-tel wpcf7-validates-as-required wpcf7-text wpcf7-validates-as-tel\" aria-required=\"true\" aria-invalid=\"false\" placeholder=\"Phone\" value=\"\" type=\"tel\" name=\"phone\" \/><\/span><br \/>\n<span class=\"wpcf7-form-control-wrap\" data-name=\"subject\"><input size=\"40\" maxlength=\"400\" class=\"wpcf7-form-control wpcf7-text wpcf7-validates-as-required\" aria-required=\"true\" aria-invalid=\"false\" placeholder=\"Subject\" value=\"\" type=\"text\" name=\"subject\" \/><\/span><br \/>\n<span class=\"wpcf7-form-control-wrap\" data-name=\"message\"><textarea cols=\"40\" rows=\"10\" maxlength=\"2000\" class=\"wpcf7-form-control wpcf7-textarea\" aria-invalid=\"false\" placeholder=\"Message\" name=\"message\"><\/textarea><\/span>\n<\/p>\n<p><input class=\"wpcf7-form-control wpcf7-submit has-spinner\" type=\"submit\" value=\"Send Message\" \/>\n<\/p><div class=\"wpcf7-response-output\" aria-hidden=\"true\"><\/div>\n<\/form>\n<\/div>\n[\/vc_column][\/vc_row]<\/p>\n<\/div>","protected":false},"excerpt":{"rendered":"<p>[vc_row css_animation=&#8221;&#8221; row_type=&#8221;row&#8221; use_row_as_full_screen_section=&#8221;no&#8221; type=&#8221;full_width&#8221; angled_section=&#8221;no&#8221; text_align=&#8221;left&#8221; background_image_as_pattern=&#8221;without_pattern&#8221; css=&#8221;.vc_custom_1568861921978{background-position: center !important;background-repeat: no-repeat !important;background-size:&#8230;<\/p>\n","protected":false},"author":2,"featured_media":1457,"parent":0,"menu_order":0,"comment_status":"closed","ping_status":"closed","template":"full_width.php","meta":{"footnotes":""},"class_list":["post-1345","page","type-page","status-publish","has-post-thumbnail","hentry"],"yoast_head":"<!-- This site is optimized with the Yoast SEO plugin v26.9 - https:\/\/yoast.com\/product\/yoast-seo-wordpress\/ -->\n<title>Contact us - Finca San Ram\u00f3n<\/title>\n<meta name=\"description\" content=\"If you wish to receive more info or perhaps to schedulea visit to Finca San Ram\u00f3n, please feel free to contact us.\" \/>\n<meta name=\"robots\" content=\"index, follow, max-snippet:-1, max-image-preview:large, max-video-preview:-1\" \/>\n<link rel=\"canonical\" href=\"https:\/\/fincasanramon.com\/en\/contactanos-finca-san-ramon\/\" \/>\n<meta property=\"og:locale\" content=\"en_US\" \/>\n<meta property=\"og:type\" content=\"article\" \/>\n<meta property=\"og:title\" content=\"Contact us - Finca San Ram\u00f3n\" \/>\n<meta property=\"og:description\" content=\"If you wish to receive more info or perhaps to schedulea visit to Finca San Ram\u00f3n, please feel free to contact us.\" \/>\n<meta property=\"og:url\" content=\"https:\/\/fincasanramon.com\/en\/contactanos-finca-san-ramon\/\" \/>\n<meta property=\"og:site_name\" content=\"Finca San Ram\u00f3n\" \/>\n<meta property=\"article:modified_time\" content=\"2019-10-18T17:04:03+00:00\" \/>\n<meta property=\"og:image\" content=\"https:\/\/fincasanramon.com\/wp-content\/uploads\/2019\/09\/Finca-San-Ram\u00f3n-contact-us-presentaci\u00f2n.jpg\" \/>\n\t<meta property=\"og:image:width\" content=\"1800\" \/>\n\t<meta property=\"og:image:height\" content=\"975\" \/>\n\t<meta property=\"og:image:type\" content=\"image\/jpeg\" \/>\n<meta name=\"twitter:card\" content=\"summary_large_image\" \/>\n<meta name=\"twitter:image\" content=\"https:\/\/fincasanramon.com\/wp-content\/uploads\/2019\/09\/Finca-San-Ram\u00f3n-contact-us-presentaci\u00f2n.jpg\" \/>\n<meta name=\"twitter:label1\" content=\"Est. reading time\" \/>\n\t<meta name=\"twitter:data1\" content=\"2 minutes\" \/>\n<script type=\"application\/ld+json\" class=\"yoast-schema-graph\">{\"@context\":\"https:\/\/schema.org\",\"@graph\":[{\"@type\":\"WebPage\",\"@id\":\"https:\/\/fincasanramon.com\/en\/contactanos-finca-san-ramon\/\",\"url\":\"https:\/\/fincasanramon.com\/en\/contactanos-finca-san-ramon\/\",\"name\":\"Contact us - Finca San Ram\u00f3n\",\"isPartOf\":{\"@id\":\"https:\/\/fincasanramon.com\/en\/#website\"},\"primaryImageOfPage\":{\"@id\":\"https:\/\/fincasanramon.com\/en\/contactanos-finca-san-ramon\/#primaryimage\"},\"image\":{\"@id\":\"https:\/\/fincasanramon.com\/en\/contactanos-finca-san-ramon\/#primaryimage\"},\"thumbnailUrl\":\"https:\/\/fincasanramon.com\/wp-content\/uploads\/2019\/09\/Finca-San-Ram\u00f3n-contact-us-presentaci\u00f2n.jpg\",\"datePublished\":\"2019-09-11T01:32:08+00:00\",\"dateModified\":\"2019-10-18T17:04:03+00:00\",\"description\":\"If you wish to receive more info or perhaps to schedulea visit to Finca San Ram\u00f3n, please feel free to contact us.\",\"breadcrumb\":{\"@id\":\"https:\/\/fincasanramon.com\/en\/contactanos-finca-san-ramon\/#breadcrumb\"},\"inLanguage\":\"en-US\",\"potentialAction\":[{\"@type\":\"ReadAction\",\"target\":[\"https:\/\/fincasanramon.com\/en\/contactanos-finca-san-ramon\/\"]}]},{\"@type\":\"ImageObject\",\"inLanguage\":\"en-US\",\"@id\":\"https:\/\/fincasanramon.com\/en\/contactanos-finca-san-ramon\/#primaryimage\",\"url\":\"https:\/\/fincasanramon.com\/wp-content\/uploads\/2019\/09\/Finca-San-Ram\u00f3n-contact-us-presentaci\u00f2n.jpg\",\"contentUrl\":\"https:\/\/fincasanramon.com\/wp-content\/uploads\/2019\/09\/Finca-San-Ram\u00f3n-contact-us-presentaci\u00f2n.jpg\",\"width\":1800,\"height\":975},{\"@type\":\"BreadcrumbList\",\"@id\":\"https:\/\/fincasanramon.com\/en\/contactanos-finca-san-ramon\/#breadcrumb\",\"itemListElement\":[{\"@type\":\"ListItem\",\"position\":1,\"name\":\"Portada\",\"item\":\"https:\/\/fincasanramon.com\/en\/\"},{\"@type\":\"ListItem\",\"position\":2,\"name\":\"Cont\u00e1ctanos Finca San Ram\u00f3n\"}]},{\"@type\":\"WebSite\",\"@id\":\"https:\/\/fincasanramon.com\/en\/#website\",\"url\":\"https:\/\/fincasanramon.com\/en\/\",\"name\":\"Finca San Ram\u00f3n\",\"description\":\"Productores de caf\u00e9 Nicarag\u00fcense\",\"publisher\":{\"@id\":\"https:\/\/fincasanramon.com\/en\/#organization\"},\"potentialAction\":[{\"@type\":\"SearchAction\",\"target\":{\"@type\":\"EntryPoint\",\"urlTemplate\":\"https:\/\/fincasanramon.com\/en\/?s={search_term_string}\"},\"query-input\":{\"@type\":\"PropertyValueSpecification\",\"valueRequired\":true,\"valueName\":\"search_term_string\"}}],\"inLanguage\":\"en-US\"},{\"@type\":\"Organization\",\"@id\":\"https:\/\/fincasanramon.com\/en\/#organization\",\"name\":\"Finca San Ram\u00f3n\",\"url\":\"https:\/\/fincasanramon.com\/en\/\",\"logo\":{\"@type\":\"ImageObject\",\"inLanguage\":\"en-US\",\"@id\":\"https:\/\/fincasanramon.com\/en\/#\/schema\/logo\/image\/\",\"url\":\"https:\/\/fincasanramon.com\/wp-content\/uploads\/2019\/08\/Logotipo-color-Header-Finca-San-Ramon.png\",\"contentUrl\":\"https:\/\/fincasanramon.com\/wp-content\/uploads\/2019\/08\/Logotipo-color-Header-Finca-San-Ramon.png\",\"width\":182,\"height\":167,\"caption\":\"Finca San Ram\u00f3n\"},\"image\":{\"@id\":\"https:\/\/fincasanramon.com\/en\/#\/schema\/logo\/image\/\"}}]}<\/script>\n<!-- \/ Yoast SEO plugin. -->","yoast_head_json":{"title":"Contact us - Finca San Ram\u00f3n","description":"If you wish to receive more info or perhaps to schedulea visit to Finca San Ram\u00f3n, please feel free to contact us.","robots":{"index":"index","follow":"follow","max-snippet":"max-snippet:-1","max-image-preview":"max-image-preview:large","max-video-preview":"max-video-preview:-1"},"canonical":"https:\/\/fincasanramon.com\/en\/contactanos-finca-san-ramon\/","og_locale":"en_US","og_type":"article","og_title":"Contact us - Finca San Ram\u00f3n","og_description":"If you wish to receive more info or perhaps to schedulea visit to Finca San Ram\u00f3n, please feel free to contact us.","og_url":"https:\/\/fincasanramon.com\/en\/contactanos-finca-san-ramon\/","og_site_name":"Finca San Ram\u00f3n","article_modified_time":"2019-10-18T17:04:03+00:00","og_image":[{"width":1800,"height":975,"url":"https:\/\/fincasanramon.com\/wp-content\/uploads\/2019\/09\/Finca-San-Ram\u00f3n-contact-us-presentaci\u00f2n.jpg","type":"image\/jpeg"}],"twitter_card":"summary_large_image","twitter_image":"https:\/\/fincasanramon.com\/wp-content\/uploads\/2019\/09\/Finca-San-Ram\u00f3n-contact-us-presentaci\u00f2n.jpg","twitter_misc":{"Est. reading time":"2 minutes"},"schema":{"@context":"https:\/\/schema.org","@graph":[{"@type":"WebPage","@id":"https:\/\/fincasanramon.com\/en\/contactanos-finca-san-ramon\/","url":"https:\/\/fincasanramon.com\/en\/contactanos-finca-san-ramon\/","name":"Contact us - Finca San Ram\u00f3n","isPartOf":{"@id":"https:\/\/fincasanramon.com\/en\/#website"},"primaryImageOfPage":{"@id":"https:\/\/fincasanramon.com\/en\/contactanos-finca-san-ramon\/#primaryimage"},"image":{"@id":"https:\/\/fincasanramon.com\/en\/contactanos-finca-san-ramon\/#primaryimage"},"thumbnailUrl":"https:\/\/fincasanramon.com\/wp-content\/uploads\/2019\/09\/Finca-San-Ram\u00f3n-contact-us-presentaci\u00f2n.jpg","datePublished":"2019-09-11T01:32:08+00:00","dateModified":"2019-10-18T17:04:03+00:00","description":"If you wish to receive more info or perhaps to schedulea visit to Finca San Ram\u00f3n, please feel free to contact us.","breadcrumb":{"@id":"https:\/\/fincasanramon.com\/en\/contactanos-finca-san-ramon\/#breadcrumb"},"inLanguage":"en-US","potentialAction":[{"@type":"ReadAction","target":["https:\/\/fincasanramon.com\/en\/contactanos-finca-san-ramon\/"]}]},{"@type":"ImageObject","inLanguage":"en-US","@id":"https:\/\/fincasanramon.com\/en\/contactanos-finca-san-ramon\/#primaryimage","url":"https:\/\/fincasanramon.com\/wp-content\/uploads\/2019\/09\/Finca-San-Ram\u00f3n-contact-us-presentaci\u00f2n.jpg","contentUrl":"https:\/\/fincasanramon.com\/wp-content\/uploads\/2019\/09\/Finca-San-Ram\u00f3n-contact-us-presentaci\u00f2n.jpg","width":1800,"height":975},{"@type":"BreadcrumbList","@id":"https:\/\/fincasanramon.com\/en\/contactanos-finca-san-ramon\/#breadcrumb","itemListElement":[{"@type":"ListItem","position":1,"name":"Portada","item":"https:\/\/fincasanramon.com\/en\/"},{"@type":"ListItem","position":2,"name":"Cont\u00e1ctanos Finca San Ram\u00f3n"}]},{"@type":"WebSite","@id":"https:\/\/fincasanramon.com\/en\/#website","url":"https:\/\/fincasanramon.com\/en\/","name":"Finca San Ram\u00f3n","description":"Productores de caf\u00e9 Nicarag\u00fcense","publisher":{"@id":"https:\/\/fincasanramon.com\/en\/#organization"},"potentialAction":[{"@type":"SearchAction","target":{"@type":"EntryPoint","urlTemplate":"https:\/\/fincasanramon.com\/en\/?s={search_term_string}"},"query-input":{"@type":"PropertyValueSpecification","valueRequired":true,"valueName":"search_term_string"}}],"inLanguage":"en-US"},{"@type":"Organization","@id":"https:\/\/fincasanramon.com\/en\/#organization","name":"Finca San Ram\u00f3n","url":"https:\/\/fincasanramon.com\/en\/","logo":{"@type":"ImageObject","inLanguage":"en-US","@id":"https:\/\/fincasanramon.com\/en\/#\/schema\/logo\/image\/","url":"https:\/\/fincasanramon.com\/wp-content\/uploads\/2019\/08\/Logotipo-color-Header-Finca-San-Ramon.png","contentUrl":"https:\/\/fincasanramon.com\/wp-content\/uploads\/2019\/08\/Logotipo-color-Header-Finca-San-Ramon.png","width":182,"height":167,"caption":"Finca San Ram\u00f3n"},"image":{"@id":"https:\/\/fincasanramon.com\/en\/#\/schema\/logo\/image\/"}}]}},"_links":{"self":[{"href":"https:\/\/fincasanramon.com\/en\/wp-json\/wp\/v2\/pages\/1345","targetHints":{"allow":["GET"]}}],"collection":[{"href":"https:\/\/fincasanramon.com\/en\/wp-json\/wp\/v2\/pages"}],"about":[{"href":"https:\/\/fincasanramon.com\/en\/wp-json\/wp\/v2\/types\/page"}],"author":[{"embeddable":true,"href":"https:\/\/fincasanramon.com\/en\/wp-json\/wp\/v2\/users\/2"}],"replies":[{"embeddable":true,"href":"https:\/\/fincasanramon.com\/en\/wp-json\/wp\/v2\/comments?post=1345"}],"version-history":[{"count":3,"href":"https:\/\/fincasanramon.com\/en\/wp-json\/wp\/v2\/pages\/1345\/revisions"}],"predecessor-version":[{"id":1350,"href":"https:\/\/fincasanramon.com\/en\/wp-json\/wp\/v2\/pages\/1345\/revisions\/1350"}],"wp:featuredmedia":[{"embeddable":true,"href":"https:\/\/fincasanramon.com\/en\/wp-json\/wp\/v2\/media\/1457"}],"wp:attachment":[{"href":"https:\/\/fincasanramon.com\/en\/wp-json\/wp\/v2\/media?parent=1345"}],"curies":[{"name":"wp","href":"https:\/\/api.w.org\/{rel}","templated":true}]}}